{"id":151,"date":"2023-10-22T19:29:05","date_gmt":"2023-10-22T22:29:05","guid":{"rendered":"https:\/\/monetbarra.infinitydemo.com.br\/?page_id=151"},"modified":"2023-10-29T18:45:00","modified_gmt":"2023-10-29T21:45:00","slug":"faqs","status":"publish","type":"page","link":"https:\/\/monetbarra.infinitydemo.com.br\/index.php\/faqs\/","title":{"rendered":"FAQ&#8217;s"},"content":{"rendered":"\t\t<div data-elementor-type=\"wp-page\" data-elementor-id=\"151\" class=\"elementor elementor-151\" data-elementor-post-type=\"page\">\n\t\t\t\t\t\t\t\t\t<section class=\"elementor-section elementor-top-section elementor-element elementor-element-14ae1237 elementor-section-height-min-height elementor-section-items-stretch elementor-section-content-middle elementor-section-full_width elementor-section-height-default\" data-id=\"14ae1237\" data-element_type=\"section\" data-settings=\"{&quot;background_background&quot;:&quot;classic&quot;}\">\n\t\t\t\t\t\t\t<div class=\"elementor-background-overlay\"><\/div>\n\t\t\t\t\t\t\t<div class=\"elementor-container elementor-column-gap-default\">\n\t\t\t\t\t<div class=\"elementor-column elementor-col-100 elementor-top-column elementor-element elementor-element-ddd712d\" data-id=\"ddd712d\" data-element_type=\"column\">\n\t\t\t<div class=\"elementor-widget-wrap elementor-element-populated\">\n\t\t\t\t\t\t\t\t<div class=\"elementor-element elementor-element-45fba3b5 elementor-widget__width-initial elementor-invisible elementor-widget elementor-widget-image\" data-id=\"45fba3b5\" data-element_type=\"widget\" data-settings=\"{&quot;_animation&quot;:&quot;fadeInDown&quot;,&quot;_animation_delay&quot;:300}\" data-widget_type=\"image.default\">\n\t\t\t\t<div class=\"elementor-widget-container\">\n\t\t\t<style>\/*! elementor - v3.16.0 - 17-10-2023 *\/\n.elementor-widget-image{text-align:center}.elementor-widget-image a{display:inline-block}.elementor-widget-image a img[src$=\".svg\"]{width:48px}.elementor-widget-image img{vertical-align:middle;display:inline-block}<\/style>\t\t\t\t\t\t\t\t\t\t\t\t<img decoding=\"async\" loading=\"lazy\" width=\"300\" height=\"300\" src=\"https:\/\/monetbarra.infinitydemo.com.br\/wp-content\/uploads\/2023\/10\/BG-1.png\" class=\"attachment-full size-full wp-image-16\" alt=\"\" srcset=\"https:\/\/monetbarra.infinitydemo.com.br\/wp-content\/uploads\/2023\/10\/BG-1.png 300w, https:\/\/monetbarra.infinitydemo.com.br\/wp-content\/uploads\/2023\/10\/BG-1-150x150.png 150w\" sizes=\"(max-width: 300px) 100vw, 300px\" \/>\t\t\t\t\t\t\t\t\t\t\t\t\t\t\t<\/div>\n\t\t\t\t<\/div>\n\t\t\t\t<div class=\"elementor-element elementor-element-7bb5981f elementor-invisible elementor-widget elementor-widget-heading\" data-id=\"7bb5981f\" data-element_type=\"widget\" data-settings=\"{&quot;_animation&quot;:&quot;fadeInUp&quot;}\" data-widget_type=\"heading.default\">\n\t\t\t\t<div class=\"elementor-widget-container\">\n\t\t\t<style>\/*! elementor - v3.16.0 - 17-10-2023 *\/\n.elementor-heading-title{padding:0;margin:0;line-height:1}.elementor-widget-heading .elementor-heading-title[class*=elementor-size-]>a{color:inherit;font-size:inherit;line-height:inherit}.elementor-widget-heading .elementor-heading-title.elementor-size-small{font-size:15px}.elementor-widget-heading .elementor-heading-title.elementor-size-medium{font-size:19px}.elementor-widget-heading .elementor-heading-title.elementor-size-large{font-size:29px}.elementor-widget-heading .elementor-heading-title.elementor-size-xl{font-size:39px}.elementor-widget-heading .elementor-heading-title.elementor-size-xxl{font-size:59px}<\/style><h2 class=\"elementor-heading-title elementor-size-default\">Perguntas e Respostas<\/h2>\t\t<\/div>\n\t\t\t\t<\/div>\n\t\t\t\t<div class=\"elementor-element elementor-element-38c6dafd elementor-invisible elementor-widget elementor-widget-text-editor\" data-id=\"38c6dafd\" data-element_type=\"widget\" data-settings=\"{&quot;_animation&quot;:&quot;fadeInUp&quot;}\" data-widget_type=\"text-editor.default\">\n\t\t\t\t<div class=\"elementor-widget-container\">\n\t\t\t<style>\/*! elementor - v3.16.0 - 17-10-2023 *\/\n.elementor-widget-text-editor.elementor-drop-cap-view-stacked .elementor-drop-cap{background-color:#69727d;color:#fff}.elementor-widget-text-editor.elementor-drop-cap-view-framed .elementor-drop-cap{color:#69727d;border:3px solid;background-color:transparent}.elementor-widget-text-editor:not(.elementor-drop-cap-view-default) .elementor-drop-cap{margin-top:8px}.elementor-widget-text-editor:not(.elementor-drop-cap-view-default) .elementor-drop-cap-letter{width:1em;height:1em}.elementor-widget-text-editor .elementor-drop-cap{float:left;text-align:center;line-height:1;font-size:50px}.elementor-widget-text-editor .elementor-drop-cap-letter{display:inline-block}<\/style>\t\t\t\t<p><a href=\"#\">Home<\/a> \/ FAQs<\/p>\t\t\t\t\t\t<\/div>\n\t\t\t\t<\/div>\n\t\t\t\t<div class=\"elementor-element elementor-element-5fe2a6ac elementor-widget__width-initial elementor-absolute elementor-invisible elementor-widget elementor-widget-image\" data-id=\"5fe2a6ac\" data-element_type=\"widget\" data-settings=\"{&quot;_position&quot;:&quot;absolute&quot;,&quot;_animation&quot;:&quot;fadeInUp&quot;,&quot;_animation_delay&quot;:300}\" data-widget_type=\"image.default\">\n\t\t\t\t<div class=\"elementor-widget-container\">\n\t\t\t\t\t\t\t\t\t\t\t\t\t\t\t<img decoding=\"async\" loading=\"lazy\" width=\"300\" height=\"300\" src=\"https:\/\/monetbarra.infinitydemo.com.br\/wp-content\/uploads\/2023\/10\/BG-1.png\" class=\"attachment-full size-full wp-image-16\" alt=\"\" srcset=\"https:\/\/monetbarra.infinitydemo.com.br\/wp-content\/uploads\/2023\/10\/BG-1.png 300w, https:\/\/monetbarra.infinitydemo.com.br\/wp-content\/uploads\/2023\/10\/BG-1-150x150.png 150w\" sizes=\"(max-width: 300px) 100vw, 300px\" \/>\t\t\t\t\t\t\t\t\t\t\t\t\t\t\t<\/div>\n\t\t\t\t<\/div>\n\t\t\t\t\t<\/div>\n\t\t<\/div>\n\t\t\t\t\t\t\t<\/div>\n\t\t<\/section>\n\t\t\t\t<section class=\"elementor-section elementor-top-section elementor-element elementor-element-2f1602e0 elementor-reverse-tablet elementor-reverse-mobile elementor-section-boxed elementor-section-height-default elementor-section-height-default\" data-id=\"2f1602e0\" data-element_type=\"section\">\n\t\t\t\t\t\t<div class=\"elementor-container elementor-column-gap-default\">\n\t\t\t\t\t<div class=\"elementor-column elementor-col-33 elementor-top-column elementor-element elementor-element-3001864a\" data-id=\"3001864a\" data-element_type=\"column\">\n\t\t\t<div class=\"elementor-widget-wrap elementor-element-populated\">\n\t\t\t\t\t\t\t\t<section class=\"elementor-section elementor-inner-section elementor-element elementor-element-373b4cc1 elementor-section-boxed elementor-section-height-default elementor-section-height-default\" data-id=\"373b4cc1\" data-element_type=\"section\">\n\t\t\t\t\t\t<div class=\"elementor-container elementor-column-gap-default\">\n\t\t\t\t\t<div class=\"elementor-column elementor-col-100 elementor-inner-column elementor-element elementor-element-46523938\" data-id=\"46523938\" data-element_type=\"column\" data-settings=\"{&quot;background_background&quot;:&quot;slideshow&quot;,&quot;background_slideshow_gallery&quot;:[{&quot;id&quot;:&quot;13&quot;,&quot;url&quot;:&quot;https:\\\/\\\/monetbarra.infinitydemo.com.br\\\/wp-content\\\/uploads\\\/2023\\\/10\\\/shot-of-a-beautiful-couple-out-in-the-city-on-thei-GRC2A65.jpg&quot;},{&quot;id&quot;:&quot;14&quot;,&quot;url&quot;:&quot;https:\\\/\\\/monetbarra.infinitydemo.com.br\\\/wp-content\\\/uploads\\\/2023\\\/10\\\/business-partners-toast-champagne-company-event-ce-8GRBN7P.jpg&quot;},{&quot;id&quot;:&quot;12&quot;,&quot;url&quot;:&quot;https:\\\/\\\/monetbarra.infinitydemo.com.br\\\/wp-content\\\/uploads\\\/2023\\\/10\\\/confetti-fireworks-above-the-crowd-on-music-festiv-GB3SU9J.jpg&quot;}],&quot;background_slideshow_slide_transition&quot;:&quot;slide_left&quot;,&quot;background_slideshow_loop&quot;:&quot;yes&quot;,&quot;background_slideshow_slide_duration&quot;:5000,&quot;background_slideshow_transition_duration&quot;:500}\">\n\t\t\t<div class=\"elementor-widget-wrap elementor-element-populated\">\n\t\t\t\t\t\t\t\t<div class=\"elementor-element elementor-element-5a63a145 elementor-widget elementor-widget-spacer\" data-id=\"5a63a145\" data-element_type=\"widget\" data-widget_type=\"spacer.default\">\n\t\t\t\t<div class=\"elementor-widget-container\">\n\t\t\t<style>\/*! elementor - v3.16.0 - 17-10-2023 *\/\n.elementor-column .elementor-spacer-inner{height:var(--spacer-size)}.e-con{--container-widget-width:100%}.e-con-inner>.elementor-widget-spacer,.e-con>.elementor-widget-spacer{width:var(--container-widget-width,var(--spacer-size));--align-self:var(--container-widget-align-self,initial);--flex-shrink:0}.e-con-inner>.elementor-widget-spacer>.elementor-widget-container,.e-con>.elementor-widget-spacer>.elementor-widget-container{height:100%;width:100%}.e-con-inner>.elementor-widget-spacer>.elementor-widget-container>.elementor-spacer,.e-con>.elementor-widget-spacer>.elementor-widget-container>.elementor-spacer{height:100%}.e-con-inner>.elementor-widget-spacer>.elementor-widget-container>.elementor-spacer>.elementor-spacer-inner,.e-con>.elementor-widget-spacer>.elementor-widget-container>.elementor-spacer>.elementor-spacer-inner{height:var(--container-widget-height,var(--spacer-size))}.e-con-inner>.elementor-widget-spacer.elementor-widget-empty,.e-con>.elementor-widget-spacer.elementor-widget-empty{position:relative;min-height:22px;min-width:22px}.e-con-inner>.elementor-widget-spacer.elementor-widget-empty .elementor-widget-empty-icon,.e-con>.elementor-widget-spacer.elementor-widget-empty .elementor-widget-empty-icon{position:absolute;top:0;bottom:0;left:0;right:0;margin:auto;padding:0;width:22px;height:22px}<\/style>\t\t<div class=\"elementor-spacer\">\n\t\t\t<div class=\"elementor-spacer-inner\"><\/div>\n\t\t<\/div>\n\t\t\t\t<\/div>\n\t\t\t\t<\/div>\n\t\t\t\t\t<\/div>\n\t\t<\/div>\n\t\t\t\t\t\t\t<\/div>\n\t\t<\/section>\n\t\t\t\t<div class=\"elementor-element elementor-element-608e8667 elementor-widget elementor-widget-rform\" data-id=\"608e8667\" data-element_type=\"widget\" data-widget_type=\"rform.default\">\n\t\t\t\t<div class=\"elementor-widget-container\">\n\t\t\t            <form id=\"rform\" data-form=\"1360\">\r\n                <div class=\"require-login msg\">\r\n                    <div class=\"require-msg-body\">\r\n                        <svg xmlns=\"http:\/\/www.w3.org\/2000\/svg\" width=\"35\" height=\"35\" fill=\"#FF0000\" class=\"bi bi-exclamation-circle-fill\" viewBox=\"0 0 16 16\">\r\n                            <path d=\"M16 8A8 8 0 1 1 0 8a8 8 0 0 1 16 0zM8 4a.905.905 0 0 0-.9.995l.35 3.507a.552.552 0 0 0 1.1 0l.35-3.507A.905.905 0 0 0 8 4zm.002 6a1 1 0 1 0 0 2 1 1 0 0 0 0-2z\" \/>\r\n                        <\/svg>\r\n                        <div style=\"width: 100% ;\">\r\n                            <h5>Required Login<\/h5>\r\n                            Please Login for Submit Form.\r\n                        <\/div>\r\n                        <div>\r\n                            <a type=\"button\" class=\"close-msg\">Close<\/a>\r\n                        <\/div>\r\n                    <\/div>\r\n                <\/div>\r\n                <div class=\"success-submit msg\">\r\n                    <div class=\"success-body\">\r\n                        <svg xmlns=\"http:\/\/www.w3.org\/2000\/svg\" width=\"35\" height=\"35\" fill=\"#4CAF50\" class=\"bi bi-check-circle-fill\" viewBox=\"0 0 16 16\">\r\n                            <path d=\"M16 8A8 8 0 1 1 0 8a8 8 0 0 1 16 0zm-3.97-3.03a.75.75 0 0 0-1.08.022L7.477 9.417 5.384 7.323a.75.75 0 0 0-1.06 1.06L6.97 11.03a.75.75 0 0 0 1.079-.02l3.992-4.99a.75.75 0 0 0-.01-1.05z\" \/>\r\n                        <\/svg>\r\n                        <div style=\"width: 100%;\">\r\n                            <h5>Success<\/h5>\r\n                                                    <\/div>\r\n                        <div>\r\n                            <a type=\"button\" class=\"close-msg\">Close<\/a>\r\n                        <\/div>\r\n                    <\/div>\r\n                <\/div>\r\n                            <\/form>\r\n            \t\t<\/div>\n\t\t\t\t<\/div>\n\t\t\t\t\t<\/div>\n\t\t<\/div>\n\t\t\t\t<div class=\"elementor-column elementor-col-33 elementor-top-column elementor-element elementor-element-6d60104e\" data-id=\"6d60104e\" data-element_type=\"column\">\n\t\t\t<div class=\"elementor-widget-wrap elementor-element-populated\">\n\t\t\t\t\t\t\t\t<div class=\"elementor-element elementor-element-8ed3621 elementor-widget elementor-widget-elementskit-faq\" data-id=\"8ed3621\" data-element_type=\"widget\" data-widget_type=\"elementskit-faq.default\">\n\t\t\t\t<div class=\"elementor-widget-container\">\n\t\t\t<div class=\"ekit-wid-con\" >\n                <div class=\"elementskit-single-faq elementor-repeater-item-6f05d9d\">\n            <div class=\"elementskit-faq-header\">\n                <h2 class=\"elementskit-faq-title\">Onde est\u00e1 localizada a Monet Casa de Festas?<\/h2>\n            <\/div>\n            <div class=\"elementskit-faq-body\">\n                A Monet Casa de Festas est\u00e1 convenientemente localizada na bela Barra da Tijuca, na Av Ministro Ivan Lins, 314, no Rio de Janeiro. Nossa localiza\u00e7\u00e3o \u00e9 de f\u00e1cil acesso a partir de v\u00e1rias regi\u00f5es da cidade.            <\/div>\n        <\/div>\n                <div class=\"elementskit-single-faq elementor-repeater-item-1050e4c\">\n            <div class=\"elementskit-faq-header\">\n                <h2 class=\"elementskit-faq-title\">Quais tipos de eventos a Monet Casa de Festas atende?<\/h2>\n            <\/div>\n            <div class=\"elementskit-faq-body\">\n                Estamos preparados para atender uma ampla variedade de eventos, incluindo casamentos, anivers\u00e1rios, bodas, formaturas, eventos corporativos, festas tem\u00e1ticas e muito mais. Se voc\u00ea tem um evento especial em mente, entre em contato para discutir como podemos torn\u00e1-lo inesquec\u00edvel.            <\/div>\n        <\/div>\n                <div class=\"elementskit-single-faq elementor-repeater-item-1ae074c\">\n            <div class=\"elementskit-faq-header\">\n                <h2 class=\"elementskit-faq-title\">Posso personalizar a decora\u00e7\u00e3o e o design do meu evento?<\/h2>\n            <\/div>\n            <div class=\"elementskit-faq-body\">\n                Perfeitamente! Trabalhamos de perto com nossos clientes para personalizar a decora\u00e7\u00e3o e o design de acordo com suas prefer\u00eancias e vis\u00f5es. Nossa equipe de especialistas em eventos est\u00e1 \u00e0 disposi\u00e7\u00e3o para tornar seu evento verdadeiramente \u00fanico.            <\/div>\n        <\/div>\n        \n    <\/div>\t\t<\/div>\n\t\t\t\t<\/div>\n\t\t\t\t\t<\/div>\n\t\t<\/div>\n\t\t\t\t<div class=\"elementor-column elementor-col-33 elementor-top-column elementor-element elementor-element-39d973c6\" data-id=\"39d973c6\" data-element_type=\"column\">\n\t\t\t<div class=\"elementor-widget-wrap elementor-element-populated\">\n\t\t\t\t\t\t\t\t<div class=\"elementor-element elementor-element-446a48d4 elementor-widget elementor-widget-heading\" data-id=\"446a48d4\" data-element_type=\"widget\" data-widget_type=\"heading.default\">\n\t\t\t\t<div class=\"elementor-widget-container\">\n\t\t\t<h2 class=\"elementor-heading-title elementor-size-default\">FAQs<\/h2>\t\t<\/div>\n\t\t\t\t<\/div>\n\t\t\t\t<div class=\"elementor-element elementor-element-329be8bc elementor-widget elementor-widget-heading\" data-id=\"329be8bc\" data-element_type=\"widget\" data-widget_type=\"heading.default\">\n\t\t\t\t<div class=\"elementor-widget-container\">\n\t\t\t<h3 class=\"elementor-heading-title elementor-size-default\">Perguntas e Respostas frequentes<\/h3>\t\t<\/div>\n\t\t\t\t<\/div>\n\t\t\t\t<div class=\"elementor-element elementor-element-118dfdbc elementor-widget elementor-widget-text-editor\" data-id=\"118dfdbc\" data-element_type=\"widget\" data-widget_type=\"text-editor.default\">\n\t\t\t\t<div class=\"elementor-widget-container\">\n\t\t\t\t\t\t\t<p>Nossa p\u00e1gina de Perguntas e Respostas Frequentes (FAQ) \u00e9 projetada para oferecer a voc\u00ea informa\u00e7\u00f5es claras e respostas a d\u00favidas comuns sobre a Monet Casa de Festas. Queremos tornar sua jornada de planejamento de eventos o mais f\u00e1cil e esclarecedora poss\u00edvel.<\/p>\t\t\t\t\t\t<\/div>\n\t\t\t\t<\/div>\n\t\t\t\t<div class=\"elementor-element elementor-element-2c982c73 elementor-widget elementor-widget-spacer\" data-id=\"2c982c73\" data-element_type=\"widget\" data-widget_type=\"spacer.default\">\n\t\t\t\t<div class=\"elementor-widget-container\">\n\t\t\t\t\t<div class=\"elementor-spacer\">\n\t\t\t<div class=\"elementor-spacer-inner\"><\/div>\n\t\t<\/div>\n\t\t\t\t<\/div>\n\t\t\t\t<\/div>\n\t\t\t\t\t<\/div>\n\t\t<\/div>\n\t\t\t\t\t\t\t<\/div>\n\t\t<\/section>\n\t\t\t\t<section class=\"elementor-section elementor-top-section elementor-element elementor-element-2426a65f elementor-section-boxed elementor-section-height-default elementor-section-height-default\" data-id=\"2426a65f\" data-element_type=\"section\">\n\t\t\t\t\t\t<div class=\"elementor-container elementor-column-gap-default\">\n\t\t\t\t\t<div class=\"elementor-column elementor-col-50 elementor-top-column elementor-element elementor-element-39d5542c\" data-id=\"39d5542c\" data-element_type=\"column\">\n\t\t\t<div class=\"elementor-widget-wrap elementor-element-populated\">\n\t\t\t\t\t\t\t\t<div class=\"elementor-element elementor-element-56db8ae elementor-widget elementor-widget-elementskit-faq\" data-id=\"56db8ae\" data-element_type=\"widget\" data-widget_type=\"elementskit-faq.default\">\n\t\t\t\t<div class=\"elementor-widget-container\">\n\t\t\t<div class=\"ekit-wid-con\" >\n                <div class=\"elementskit-single-faq elementor-repeater-item-6f05d9d\">\n            <div class=\"elementskit-faq-header\">\n                <h2 class=\"elementskit-faq-title\">Quais servi\u00e7os est\u00e3o inclu\u00eddos nos pacotes da Monet Casa de Festas?<\/h2>\n            <\/div>\n            <div class=\"elementskit-faq-body\">\n                Nossos pacotes podem variar, mas geralmente incluem o uso de nossos espa\u00e7os, decora\u00e7\u00e3o, servi\u00e7o de buffet de alta qualidade, entretenimento, coordena\u00e7\u00e3o de eventos e muito mais. Entre em contato conosco para obter detalhes sobre pacotes espec\u00edficos.            <\/div>\n        <\/div>\n                <div class=\"elementskit-single-faq elementor-repeater-item-1050e4c\">\n            <div class=\"elementskit-faq-header\">\n                <h2 class=\"elementskit-faq-title\">A Monet Casa de Festas oferece solu\u00e7\u00f5es de transporte e estacionamento?<\/h2>\n            <\/div>\n            <div class=\"elementskit-faq-body\">\n                Sim, oferecemos estacionamento conveniente para seus convidados. Al\u00e9m disso, podemos ajudar a organizar servi\u00e7os de transporte adicionais, como traslados para hot\u00e9is ou excurs\u00f5es, para tornar a log\u00edstica de transporte mais f\u00e1cil.            <\/div>\n        <\/div>\n                <div class=\"elementskit-single-faq elementor-repeater-item-1ae074c\">\n            <div class=\"elementskit-faq-header\">\n                <h2 class=\"elementskit-faq-title\">Como posso solicitar um or\u00e7amento para o meu evento?<\/h2>\n            <\/div>\n            <div class=\"elementskit-faq-body\">\n                Para solicitar um or\u00e7amento personalizado, basta entrar em contato conosco por telefone ou e-mail. Nossa equipe ter\u00e1 prazer em discutir suas necessidades e criar um or\u00e7amento sob medida para o seu evento.            <\/div>\n        <\/div>\n        \n    <\/div>\t\t<\/div>\n\t\t\t\t<\/div>\n\t\t\t\t\t<\/div>\n\t\t<\/div>\n\t\t\t\t<div class=\"elementor-column elementor-col-50 elementor-top-column elementor-element elementor-element-6fab5eb\" data-id=\"6fab5eb\" data-element_type=\"column\">\n\t\t\t<div class=\"elementor-widget-wrap elementor-element-populated\">\n\t\t\t\t\t\t\t\t<div class=\"elementor-element elementor-element-dc696b6 elementor-widget elementor-widget-elementskit-faq\" data-id=\"dc696b6\" data-element_type=\"widget\" data-widget_type=\"elementskit-faq.default\">\n\t\t\t\t<div class=\"elementor-widget-container\">\n\t\t\t<div class=\"ekit-wid-con\" >\n                <div class=\"elementskit-single-faq elementor-repeater-item-6f05d9d\">\n            <div class=\"elementskit-faq-header\">\n                <h2 class=\"elementskit-faq-title\">A Monet Casa de Festas oferece solu\u00e7\u00f5es para eventos de diferentes tamanhos?<\/h2>\n            <\/div>\n            <div class=\"elementskit-faq-body\">\n                Sim, nossos espa\u00e7os s\u00e3o vers\u00e1teis e podem acomodar eventos de diversos tamanhos, desde festas \u00edntimas at\u00e9 celebra\u00e7\u00f5es de grande escala. Adaptamos nossos espa\u00e7os e servi\u00e7os para atender \u00e0s suas necessidades espec\u00edficas.            <\/div>\n        <\/div>\n                <div class=\"elementskit-single-faq elementor-repeater-item-1050e4c\">\n            <div class=\"elementskit-faq-header\">\n                <h2 class=\"elementskit-faq-title\">Como fa\u00e7o para marcar uma visita \u00e0 Monet Casa de Festas?<\/h2>\n            <\/div>\n            <div class=\"elementskit-faq-body\">\n                Para agendar uma visita, entre em contato conosco por telefone ou e-mail. Teremos prazer em marcar um hor\u00e1rio que seja conveniente para voc\u00ea, para que voc\u00ea possa conhecer nossas instala\u00e7\u00f5es e discutir os detalhes do seu evento.            <\/div>\n        <\/div>\n                <div class=\"elementskit-single-faq elementor-repeater-item-1ae074c\">\n            <div class=\"elementskit-faq-header\">\n                <h2 class=\"elementskit-faq-title\">Qual \u00e9 a pol\u00edtica de cancelamento da Monet Casa de Festas?<\/h2>\n            <\/div>\n            <div class=\"elementskit-faq-body\">\n                Nossa pol\u00edtica de cancelamento pode variar com base no contrato e no tipo de evento. Recomendamos que voc\u00ea entre em contato conosco para discutir detalhes espec\u00edficos sobre pol\u00edticas de cancelamento e acordos contratuais.            <\/div>\n        <\/div>\n        \n    <\/div>\t\t<\/div>\n\t\t\t\t<\/div>\n\t\t\t\t\t<\/div>\n\t\t<\/div>\n\t\t\t\t\t\t\t<\/div>\n\t\t<\/section>\n\t\t\t\t\t\t\t<\/div>\n\t\t","protected":false},"excerpt":{"rendered":"<p>Perguntas e Respostas Home \/ FAQs Required Login Please Login for Submit Form. Close Success Close Onde est\u00e1 localizada a Monet Casa de Festas? A Monet Casa de Festas est\u00e1 convenientemente localizada na bela Barra da Tijuca, na Av Ministro Ivan Lins, 314, no Rio de Janeiro. Nossa localiza\u00e7\u00e3o \u00e9 de f\u00e1cil acesso a partir [&hellip;]<\/p>\n","protected":false},"author":1,"featured_media":0,"parent":0,"menu_order":0,"comment_status":"closed","ping_status":"closed","template":"","meta":{"footnotes":""},"_links":{"self":[{"href":"https:\/\/monetbarra.infinitydemo.com.br\/index.php\/wp-json\/wp\/v2\/pages\/151"}],"collection":[{"href":"https:\/\/monetbarra.infinitydemo.com.br\/index.php\/wp-json\/wp\/v2\/pages"}],"about":[{"href":"https:\/\/monetbarra.infinitydemo.com.br\/index.php\/wp-json\/wp\/v2\/types\/page"}],"author":[{"embeddable":true,"href":"https:\/\/monetbarra.infinitydemo.com.br\/index.php\/wp-json\/wp\/v2\/users\/1"}],"replies":[{"embeddable":true,"href":"https:\/\/monetbarra.infinitydemo.com.br\/index.php\/wp-json\/wp\/v2\/comments?post=151"}],"version-history":[{"count":49,"href":"https:\/\/monetbarra.infinitydemo.com.br\/index.php\/wp-json\/wp\/v2\/pages\/151\/revisions"}],"predecessor-version":[{"id":733,"href":"https:\/\/monetbarra.infinitydemo.com.br\/index.php\/wp-json\/wp\/v2\/pages\/151\/revisions\/733"}],"wp:attachment":[{"href":"https:\/\/monetbarra.infinitydemo.com.br\/index.php\/wp-json\/wp\/v2\/media?parent=151"}],"curies":[{"name":"wp","href":"https:\/\/api.w.org\/{rel}","templated":true}]}}