{"id":143,"date":"2023-10-22T19:27:31","date_gmt":"2023-10-22T22:27:31","guid":{"rendered":"https:\/\/monetbarra.infinitydemo.com.br\/?page_id=143"},"modified":"2023-10-29T18:51:02","modified_gmt":"2023-10-29T21:51:02","slug":"noticias","status":"publish","type":"page","link":"https:\/\/monetbarra.infinitydemo.com.br\/index.php\/noticias\/","title":{"rendered":"Not\u00edcias"},"content":{"rendered":"\t\t<div data-elementor-type=\"wp-page\" data-elementor-id=\"143\" class=\"elementor elementor-143\" data-elementor-post-type=\"page\">\n\t\t\t\t\t\t\t\t\t<section class=\"elementor-section elementor-top-section elementor-element elementor-element-57b47913 elementor-section-height-min-height elementor-section-items-stretch elementor-section-content-middle elementor-section-full_width elementor-section-height-default\" data-id=\"57b47913\" data-element_type=\"section\" data-settings=\"{&quot;background_background&quot;:&quot;classic&quot;}\">\n\t\t\t\t\t\t\t<div class=\"elementor-background-overlay\"><\/div>\n\t\t\t\t\t\t\t<div class=\"elementor-container elementor-column-gap-default\">\n\t\t\t\t\t<div class=\"elementor-column elementor-col-100 elementor-top-column elementor-element elementor-element-144cb6c3\" data-id=\"144cb6c3\" data-element_type=\"column\">\n\t\t\t<div class=\"elementor-widget-wrap elementor-element-populated\">\n\t\t\t\t\t\t\t\t<div class=\"elementor-element elementor-element-2fffd294 elementor-widget__width-initial elementor-invisible elementor-widget elementor-widget-image\" data-id=\"2fffd294\" data-element_type=\"widget\" data-settings=\"{&quot;_animation&quot;:&quot;fadeInDown&quot;,&quot;_animation_delay&quot;:300}\" data-widget_type=\"image.default\">\n\t\t\t\t<div class=\"elementor-widget-container\">\n\t\t\t<style>\/*! elementor - v3.16.0 - 17-10-2023 *\/\n.elementor-widget-image{text-align:center}.elementor-widget-image a{display:inline-block}.elementor-widget-image a img[src$=\".svg\"]{width:48px}.elementor-widget-image img{vertical-align:middle;display:inline-block}<\/style>\t\t\t\t\t\t\t\t\t\t\t\t<img decoding=\"async\" loading=\"lazy\" width=\"300\" height=\"300\" src=\"https:\/\/monetbarra.infinitydemo.com.br\/wp-content\/uploads\/2023\/10\/BG-1.png\" class=\"attachment-full size-full wp-image-16\" alt=\"\" srcset=\"https:\/\/monetbarra.infinitydemo.com.br\/wp-content\/uploads\/2023\/10\/BG-1.png 300w, https:\/\/monetbarra.infinitydemo.com.br\/wp-content\/uploads\/2023\/10\/BG-1-150x150.png 150w\" sizes=\"(max-width: 300px) 100vw, 300px\" \/>\t\t\t\t\t\t\t\t\t\t\t\t\t\t\t<\/div>\n\t\t\t\t<\/div>\n\t\t\t\t<div class=\"elementor-element elementor-element-55e728b2 elementor-invisible elementor-widget elementor-widget-heading\" data-id=\"55e728b2\" data-element_type=\"widget\" data-settings=\"{&quot;_animation&quot;:&quot;fadeInUp&quot;}\" data-widget_type=\"heading.default\">\n\t\t\t\t<div class=\"elementor-widget-container\">\n\t\t\t<style>\/*! elementor - v3.16.0 - 17-10-2023 *\/\n.elementor-heading-title{padding:0;margin:0;line-height:1}.elementor-widget-heading .elementor-heading-title[class*=elementor-size-]>a{color:inherit;font-size:inherit;line-height:inherit}.elementor-widget-heading .elementor-heading-title.elementor-size-small{font-size:15px}.elementor-widget-heading .elementor-heading-title.elementor-size-medium{font-size:19px}.elementor-widget-heading .elementor-heading-title.elementor-size-large{font-size:29px}.elementor-widget-heading .elementor-heading-title.elementor-size-xl{font-size:39px}.elementor-widget-heading .elementor-heading-title.elementor-size-xxl{font-size:59px}<\/style><h2 class=\"elementor-heading-title elementor-size-default\">Artigos e Not\u00edcias<\/h2>\t\t<\/div>\n\t\t\t\t<\/div>\n\t\t\t\t<div class=\"elementor-element elementor-element-5e06f2fc elementor-invisible elementor-widget elementor-widget-text-editor\" data-id=\"5e06f2fc\" data-element_type=\"widget\" data-settings=\"{&quot;_animation&quot;:&quot;fadeInUp&quot;}\" data-widget_type=\"text-editor.default\">\n\t\t\t\t<div class=\"elementor-widget-container\">\n\t\t\t<style>\/*! elementor - v3.16.0 - 17-10-2023 *\/\n.elementor-widget-text-editor.elementor-drop-cap-view-stacked .elementor-drop-cap{background-color:#69727d;color:#fff}.elementor-widget-text-editor.elementor-drop-cap-view-framed .elementor-drop-cap{color:#69727d;border:3px solid;background-color:transparent}.elementor-widget-text-editor:not(.elementor-drop-cap-view-default) .elementor-drop-cap{margin-top:8px}.elementor-widget-text-editor:not(.elementor-drop-cap-view-default) .elementor-drop-cap-letter{width:1em;height:1em}.elementor-widget-text-editor .elementor-drop-cap{float:left;text-align:center;line-height:1;font-size:50px}.elementor-widget-text-editor .elementor-drop-cap-letter{display:inline-block}<\/style>\t\t\t\t<p><a href=\"#\">Home<\/a> \/ Not\u00edcias<\/p>\t\t\t\t\t\t<\/div>\n\t\t\t\t<\/div>\n\t\t\t\t<div class=\"elementor-element elementor-element-39aa3f69 elementor-widget__width-initial elementor-absolute elementor-invisible elementor-widget elementor-widget-image\" data-id=\"39aa3f69\" data-element_type=\"widget\" data-settings=\"{&quot;_position&quot;:&quot;absolute&quot;,&quot;_animation&quot;:&quot;fadeInUp&quot;,&quot;_animation_delay&quot;:300}\" data-widget_type=\"image.default\">\n\t\t\t\t<div class=\"elementor-widget-container\">\n\t\t\t\t\t\t\t\t\t\t\t\t\t\t\t<img decoding=\"async\" loading=\"lazy\" width=\"300\" height=\"300\" src=\"https:\/\/monetbarra.infinitydemo.com.br\/wp-content\/uploads\/2023\/10\/BG-1.png\" class=\"attachment-full size-full wp-image-16\" alt=\"\" srcset=\"https:\/\/monetbarra.infinitydemo.com.br\/wp-content\/uploads\/2023\/10\/BG-1.png 300w, https:\/\/monetbarra.infinitydemo.com.br\/wp-content\/uploads\/2023\/10\/BG-1-150x150.png 150w\" sizes=\"(max-width: 300px) 100vw, 300px\" \/>\t\t\t\t\t\t\t\t\t\t\t\t\t\t\t<\/div>\n\t\t\t\t<\/div>\n\t\t\t\t\t<\/div>\n\t\t<\/div>\n\t\t\t\t\t\t\t<\/div>\n\t\t<\/section>\n\t\t\t\t<section class=\"elementor-section elementor-top-section elementor-element elementor-element-bf4178a elementor-section-boxed elementor-section-height-default elementor-section-height-default\" data-id=\"bf4178a\" data-element_type=\"section\">\n\t\t\t\t\t\t<div class=\"elementor-container elementor-column-gap-default\">\n\t\t\t\t\t<div class=\"elementor-column elementor-col-100 elementor-top-column elementor-element elementor-element-18e03df4\" data-id=\"18e03df4\" data-element_type=\"column\">\n\t\t\t<div class=\"elementor-widget-wrap elementor-element-populated\">\n\t\t\t\t\t\t\t\t<section class=\"elementor-section elementor-inner-section elementor-element elementor-element-7467e37a elementor-section-boxed elementor-section-height-default elementor-section-height-default elementor-invisible\" data-id=\"7467e37a\" data-element_type=\"section\" data-settings=\"{&quot;animation&quot;:&quot;fadeInRight&quot;}\">\n\t\t\t\t\t\t<div class=\"elementor-container elementor-column-gap-default\">\n\t\t\t\t\t<div class=\"elementor-column elementor-col-50 elementor-inner-column elementor-element elementor-element-614b949a\" data-id=\"614b949a\" data-element_type=\"column\">\n\t\t\t<div class=\"elementor-widget-wrap elementor-element-populated\">\n\t\t\t\t\t\t\t\t<div class=\"elementor-element elementor-element-6ccbcbd6 elementor-widget elementor-widget-heading\" data-id=\"6ccbcbd6\" data-element_type=\"widget\" data-widget_type=\"heading.default\">\n\t\t\t\t<div class=\"elementor-widget-container\">\n\t\t\t<h2 class=\"elementor-heading-title elementor-size-default\">Artigos e Not\u00edcias<\/h2>\t\t<\/div>\n\t\t\t\t<\/div>\n\t\t\t\t<div class=\"elementor-element elementor-element-6071bfab elementor-widget elementor-widget-heading\" data-id=\"6071bfab\" data-element_type=\"widget\" data-widget_type=\"heading.default\">\n\t\t\t\t<div class=\"elementor-widget-container\">\n\t\t\t<h3 class=\"elementor-heading-title elementor-size-default\">\u00daltimas Not\u00edcias<\/h3>\t\t<\/div>\n\t\t\t\t<\/div>\n\t\t\t\t\t<\/div>\n\t\t<\/div>\n\t\t\t\t<div class=\"elementor-column elementor-col-50 elementor-inner-column elementor-element elementor-element-2820192d elementor-hidden-mobile\" data-id=\"2820192d\" data-element_type=\"column\">\n\t\t\t<div class=\"elementor-widget-wrap elementor-element-populated\">\n\t\t\t\t\t\t\t\t<div class=\"elementor-element elementor-element-f7bf794 elementor-widget elementor-widget-text-editor\" data-id=\"f7bf794\" data-element_type=\"widget\" data-widget_type=\"text-editor.default\">\n\t\t\t\t<div class=\"elementor-widget-container\">\n\t\t\t\t\t\t\t<p>Acreditamos que s\u00e3o os pequenos detalhes que fazem a diferen\u00e7a. Desde a escolha das cores at\u00e9 a sele\u00e7\u00e3o de mobili\u00e1rio, cuidamos de cada aspecto do design e decora\u00e7\u00e3o para garantir que seu evento seja excepcional.\u00a0<\/p>\n<p>A gest\u00e3o de Eventos \u00e9 um trabalho desafiador, mas tornaremos tudo mais f\u00e1cil para voc\u00ea. Apresentamos ideias criativas, estudos de caso de eventos bem-sucedidos e dicas pr\u00e1ticas, para tornar seu evento verdadeiramente sensacional, garantindo que nada seja deixado ao acaso.<\/p>\t\t\t\t\t\t<\/div>\n\t\t\t\t<\/div>\n\t\t\t\t\t<\/div>\n\t\t<\/div>\n\t\t\t\t\t\t\t<\/div>\n\t\t<\/section>\n\t\t\t\t<div class=\"elementor-element elementor-element-369e02f3 elementor-invisible elementor-widget elementor-widget-rkit-blog-post\" data-id=\"369e02f3\" data-element_type=\"widget\" data-settings=\"{&quot;_animation&quot;:&quot;fadeInLeft&quot;,&quot;_animation_delay&quot;:300}\" data-widget_type=\"rkit-blog-post.default\">\n\t\t\t\t<div class=\"elementor-widget-container\">\n\t\t\t        <div class=\"rkit-blog\">\r\n                            <div class=\"rkit-blog-card\">\r\n                                            <div class=\"rkit-image-container\">\r\n                                                        <a class=\"rkit-image-link\" style=\"overflow: hidden;\" href=\"https:\/\/monetbarra.infinitydemo.com.br\/index.php\/2023\/10\/22\/ola-mundo\/\">\r\n                                <img decoding=\"async\" class=\"rkit-blog-img\" src=\"\">\r\n                            <\/a>\r\n                                                    <\/div>\r\n                                        <div class=\"rkit-blog-body \">\r\n                                                    <div class=\"rkit-metadata\">\r\n                                                                                <div class=\"rkit-metadata-item\">\r\n                                                    <i aria-hidden=\"true\" class=\"rkit-meta-icon icon icon-calendar\"><\/i>                                                    <span>October 22, 2023<\/span>\r\n                                                <\/div>\r\n                                                                                            <div class=\"rkit-metadata-item\">\r\n                                                    <i aria-hidden=\"true\" class=\"rkit-meta-icon icon icon-folder-1\"><\/i>                                                    <a href=\"https:\/\/monetbarra.infinitydemo.com.br\/index.php\/category\/blog\/\" rel=\"category tag\">Blog<\/a>                                                <\/div>\r\n                                                                        <\/div>\r\n                                                                            <div class=\"rkit-blog-title-container\">\r\n                                <a class=\"rkit-blog-title\" href=\"https:\/\/monetbarra.infinitydemo.com.br\/index.php\/2023\/10\/22\/ola-mundo\/\">Ol\u00e1, mundo!<\/a>\r\n                            <\/div>\r\n                                                                                                    <div class=\"rkit-blog-content\">\r\n                                <p class=\"rkit-blog-paragraph\">Boas-vindas ao WordPress. Esse \u00e9 o seu primeiro post. Edite-o ou exclua-o, e ent\u00e3o comece a escrever!                                <\/p>\r\n                            <\/div>\r\n                                                                                            <\/div>\r\n                <\/div>\r\n        <\/div>\r\n        \t\t<\/div>\n\t\t\t\t<\/div>\n\t\t\t\t\t<\/div>\n\t\t<\/div>\n\t\t\t\t\t\t\t<\/div>\n\t\t<\/section>\n\t\t\t\t\t\t\t<\/div>\n\t\t","protected":false},"excerpt":{"rendered":"<p>Artigos e Not\u00edcias Home \/ Not\u00edcias Artigos e Not\u00edcias \u00daltimas Not\u00edcias Acreditamos que s\u00e3o os pequenos detalhes que fazem a diferen\u00e7a. Desde a escolha das cores at\u00e9 a sele\u00e7\u00e3o de mobili\u00e1rio, cuidamos de cada aspecto do design e decora\u00e7\u00e3o para garantir que seu evento seja excepcional.\u00a0 A gest\u00e3o de Eventos \u00e9 um trabalho desafiador, mas [&hellip;]<\/p>\n","protected":false},"author":1,"featured_media":0,"parent":0,"menu_order":0,"comment_status":"closed","ping_status":"closed","template":"","meta":{"footnotes":""},"_links":{"self":[{"href":"https:\/\/monetbarra.infinitydemo.com.br\/index.php\/wp-json\/wp\/v2\/pages\/143"}],"collection":[{"href":"https:\/\/monetbarra.infinitydemo.com.br\/index.php\/wp-json\/wp\/v2\/pages"}],"about":[{"href":"https:\/\/monetbarra.infinitydemo.com.br\/index.php\/wp-json\/wp\/v2\/types\/page"}],"author":[{"embeddable":true,"href":"https:\/\/monetbarra.infinitydemo.com.br\/index.php\/wp-json\/wp\/v2\/users\/1"}],"replies":[{"embeddable":true,"href":"https:\/\/monetbarra.infinitydemo.com.br\/index.php\/wp-json\/wp\/v2\/comments?post=143"}],"version-history":[{"count":16,"href":"https:\/\/monetbarra.infinitydemo.com.br\/index.php\/wp-json\/wp\/v2\/pages\/143\/revisions"}],"predecessor-version":[{"id":742,"href":"https:\/\/monetbarra.infinitydemo.com.br\/index.php\/wp-json\/wp\/v2\/pages\/143\/revisions\/742"}],"wp:attachment":[{"href":"https:\/\/monetbarra.infinitydemo.com.br\/index.php\/wp-json\/wp\/v2\/media?parent=143"}],"curies":[{"name":"wp","href":"https:\/\/api.w.org\/{rel}","templated":true}]}}